{"id":987513828,"date":"2024-08-29T13:44:01","date_gmt":"2024-08-29T06:44:01","guid":{"rendered":"https:\/\/www.orientpharma.vn\/?post_type=product&#038;p=987513828"},"modified":"2025-08-06T00:00:48","modified_gmt":"2025-08-05T17:00:48","slug":"hemol-750mg","status":"publish","type":"product","link":"https:\/\/www.orientpharma.vn\/en\/product\/hemol-750mg\/","title":{"rendered":"HEMOL 750mg"},"content":{"rendered":"","protected":false},"excerpt":{"rendered":"<p><strong>D\u1ea1ng b\u00e0o ch\u1ebf:<\/strong> Vi\u00ean n\u00e9n<br \/>\n<strong>Quy c\u00e1ch:<\/strong> H\u1ed9p 10 v\u1ec9 x 10 vi\u00ean<br \/>\n<strong>Ch\u1ec9 \u0111\u1ecbnh:<\/strong> Co th\u1eaft c\u01a1, C\u0103ng c\u01a1, H\u1ed9i ch\u1ee9ng Whiplash, Vi\u00eam c\u01a1, V\u1eb9o c\u1ed5, Vi\u00eam t\u00fai ch\u1ea5t nh\u1eddn bursa, \u0110au l\u01b0ng d\u01b0\u1edbi, Bong g\u00e2n<br \/>\n<strong>Ch\u1ed1ng ch\u1ec9 \u0111\u1ecbnh:<\/strong> Suy gan, Suy th\u1eadn, Nh\u01b0\u1ee3c c\u01a1, H\u00f4n m\u00ea<br \/>\n<strong>Nh\u00e0 s\u1ea3n xu\u1ea5t:<\/strong> C\u00d4NG TY CP D\u01af\u1ee2C PH\u1ea8M PH\u01af\u01a0NG \u0110\u00d4NG<br \/>\n<strong>N\u01b0\u1edbc s\u1ea3n xu\u1ea5t:<\/strong> Vi\u1ec7t Nam<br \/>\n<strong>Xu\u1ea5t x\u1ee9 th\u01b0\u01a1ng hi\u1ec7u:<\/strong> Vi\u1ec7t Nam<br \/>\n<strong>S\u1ed1 \u0111\u0103ng k\u00fd:<\/strong> VD-27983-17<br \/>\n<strong>Thu\u1ed1c c\u1ea7n k\u00ea toa:<\/strong> C\u00f3<\/p>\n<p><strong>M\u00f4 t\u1ea3 ng\u1eafn<\/strong><br \/>\nHemol 750 mg c\u1ee7a c\u00f4ng ty c\u1ed5 ph\u1ea7n d\u01b0\u1ee3c ph\u1ea9m Ph\u01b0\u01a1ng \u0110\u00f4ng, ho\u1ea1t ch\u1ea5t ch\u00ednh methocarbamol, l\u00e0 thu\u1ed1c \u0111\u01b0\u1ee3c d\u00f9ng \u0111\u1ec3 \u0111i\u1ec1u tr\u1ecb ng\u1eafn h\u1ea1n r\u1ed1i lo\u1ea1n c\u01a1 x\u01b0\u01a1ng c\u1ea5p li\u00ean quan \u0111\u1ebfn \u0111au do co th\u1eaft c\u01a1.<br \/>\nHemol 750 mg \u0111\u01b0\u1ee3c b\u00e0o ch\u1ebf d\u01b0\u1edbi d\u1ea1ng vi\u00ean n\u00e9n, m\u1ed7i vi\u00ean ch\u1ee9a 750 mg methocarbamol. H\u1ed9p 10 v\u1ec9 x 10 vi\u00ean.<\/p>\n<p><strong>L\u01b0u \u00fd:<\/strong> S\u1ea3n ph\u1ea9m n\u00e0y ch\u1ec9 b\u00e1n khi c\u00f3 ch\u1ec9 \u0111\u1ecbnh c\u1ee7a b\u00e1c s\u0129, m\u1ecdi th\u00f4ng tin tr\u00ean Website ch\u1ec9 mang t\u00ednh ch\u1ea5t tham kh\u1ea3o.<\/p>\n","protected":false},"featured_media":987512925,"comment_status":"closed","ping_status":"closed","template":"","meta":{"_acf_changed":false,"_et_pb_use_builder":"","_et_pb_old_content":"","_et_gb_content_width":""},"product_brand":[],"product_cat":[],"product_tag":[],"class_list":{"0":"post-987513828","1":"product","2":"type-product","3":"status-publish","4":"has-post-thumbnail","7":"first","8":"instock","9":"shipping-taxable","10":"product-type-simple"},"acf":[],"_links":{"self":[{"href":"https:\/\/www.orientpharma.vn\/en\/wp-json\/wp\/v2\/product\/987513828","targetHints":{"allow":["GET"]}}],"collection":[{"href":"https:\/\/www.orientpharma.vn\/en\/wp-json\/wp\/v2\/product"}],"about":[{"href":"https:\/\/www.orientpharma.vn\/en\/wp-json\/wp\/v2\/types\/product"}],"replies":[{"embeddable":true,"href":"https:\/\/www.orientpharma.vn\/en\/wp-json\/wp\/v2\/comments?post=987513828"}],"wp:featuredmedia":[{"embeddable":true,"href":"https:\/\/www.orientpharma.vn\/en\/wp-json\/wp\/v2\/media\/987512925"}],"wp:attachment":[{"href":"https:\/\/www.orientpharma.vn\/en\/wp-json\/wp\/v2\/media?parent=987513828"}],"wp:term":[{"taxonomy":"product_brand","embeddable":true,"href":"https:\/\/www.orientpharma.vn\/en\/wp-json\/wp\/v2\/product_brand?post=987513828"},{"taxonomy":"product_cat","embeddable":true,"href":"https:\/\/www.orientpharma.vn\/en\/wp-json\/wp\/v2\/product_cat?post=987513828"},{"taxonomy":"product_tag","embeddable":true,"href":"https:\/\/www.orientpharma.vn\/en\/wp-json\/wp\/v2\/product_tag?post=987513828"}],"curies":[{"name":"wp","href":"https:\/\/api.w.org\/{rel}","templated":true}]}}