{"id":987513827,"date":"2024-09-14T04:14:28","date_gmt":"2024-09-13T21:14:28","guid":{"rendered":"https:\/\/www.orientpharma.vn\/?post_type=product&#038;p=987513827"},"modified":"2025-08-05T23:59:44","modified_gmt":"2025-08-05T16:59:44","slug":"mumcal-500mg","status":"publish","type":"product","link":"https:\/\/www.orientpharma.vn\/en\/product\/mumcal-500mg\/","title":{"rendered":"Mumcal 500mg"},"content":{"rendered":"","protected":false},"excerpt":{"rendered":"<p><strong>D\u1ea1ng b\u00e0o ch\u1ebf:<\/strong> Dung d\u1ecbch u\u1ed1ng<br \/>\n<strong>Quy c\u00e1ch:<\/strong> H\u1ed9p 4 V\u1ec9 x 5 \u1ed0ng x 10ml<br \/>\n<strong>Ch\u1ec9 \u0111\u1ecbnh:<\/strong> C\u00e1c mu\u1ed1i calci \u0111\u01b0\u1ee3c s\u1eed d\u1ee5ng nh\u01b0 m\u1ed9t ngu\u1ed3n cung c\u1ea5p cation canxi \u0111\u1ec3 b\u1ed5 sung ho\u1eb7c ng\u0103n ng\u1eeba s\u1ef1 suy gi\u1ea3m canxi trong c\u00e1c b\u1ec7nh nh\u00e2n \u0103n u\u1ed1ng \u0111i\u1ec1u \u0111\u1ed9 nh\u01b0ng kh\u00f4ng \u0111\u1ee7 calci.<br \/>\n<strong>Ch\u1ed1ng ch\u1ec9 \u0111\u1ecbnh:<\/strong> T\u0103ng canxi huy\u1ebft, t\u0103ng canxi ni\u1ec7u n\u1eb7ng. Suy th\u1eadn n\u1eb7ng, galactose huy\u1ebft.<br \/>\n<strong>Nh\u00e0 s\u1ea3n xu\u1ea5t:<\/strong> C\u00d4NG TY CP D\u01af\u1ee2C PH\u1ea8M PH\u01af\u01a0NG \u0110\u00d4NG<br \/>\n<strong>N\u01b0\u1edbc s\u1ea3n xu\u1ea5t:<\/strong> Vi\u1ec7t Nam<br \/>\n<strong>Xu\u1ea5t x\u1ee9 th\u01b0\u01a1ng hi\u1ec7u:<\/strong> Vi\u1ec7t Nam<br \/>\n<strong>S\u1ed1 \u0111\u0103ng k\u00fd:<\/strong> VD-29082-18<br \/>\nThu\u1ed1c c\u1ea7n k\u00ea toa: Kh\u00f4ng<\/p>\n<p><strong>M\u00f4 t\u1ea3 ng\u1eafn<\/strong><br \/>\nThu\u00f4\u0301c Mumcal la\u0300 thu\u00f4\u0301c b\u00f4\u0309 co\u0301 ta\u0301c du\u0323ng b\u1ed5 sung canxi cho phu\u0323 n\u01b0\u0303 mang thai, giu\u0301p thai nhi pha\u0301t tri\u00ea\u0309n kho\u0309e ma\u0323nh.<br \/>\n\u0110\u1ed1i t\u01b0\u1ee3ng s\u1eed d\u1ee5ng: Tr\u1ebb em, Ng\u01b0\u1eddi l\u1edbn<\/p>\n<p><strong>L\u01b0u \u00fd:<\/strong> S\u1ea3n ph\u1ea9m n\u00e0y ch\u1ec9 b\u00e1n khi c\u00f3 ch\u1ec9 \u0111\u1ecbnh c\u1ee7a b\u00e1c s\u0129, m\u1ecdi th\u00f4ng tin tr\u00ean Website ch\u1ec9 mang t\u00ednh ch\u1ea5t tham kh\u1ea3o.<\/p>\n","protected":false},"featured_media":987512977,"comment_status":"closed","ping_status":"closed","template":"","meta":{"_acf_changed":false,"_et_pb_use_builder":"","_et_pb_old_content":"","_et_gb_content_width":""},"product_brand":[],"product_cat":[],"product_tag":[],"class_list":{"0":"post-987513827","1":"product","2":"type-product","3":"status-publish","4":"has-post-thumbnail","7":"first","8":"instock","9":"shipping-taxable","10":"product-type-simple"},"acf":[],"_links":{"self":[{"href":"https:\/\/www.orientpharma.vn\/en\/wp-json\/wp\/v2\/product\/987513827","targetHints":{"allow":["GET"]}}],"collection":[{"href":"https:\/\/www.orientpharma.vn\/en\/wp-json\/wp\/v2\/product"}],"about":[{"href":"https:\/\/www.orientpharma.vn\/en\/wp-json\/wp\/v2\/types\/product"}],"replies":[{"embeddable":true,"href":"https:\/\/www.orientpharma.vn\/en\/wp-json\/wp\/v2\/comments?post=987513827"}],"wp:featuredmedia":[{"embeddable":true,"href":"https:\/\/www.orientpharma.vn\/en\/wp-json\/wp\/v2\/media\/987512977"}],"wp:attachment":[{"href":"https:\/\/www.orientpharma.vn\/en\/wp-json\/wp\/v2\/media?parent=987513827"}],"wp:term":[{"taxonomy":"product_brand","embeddable":true,"href":"https:\/\/www.orientpharma.vn\/en\/wp-json\/wp\/v2\/product_brand?post=987513827"},{"taxonomy":"product_cat","embeddable":true,"href":"https:\/\/www.orientpharma.vn\/en\/wp-json\/wp\/v2\/product_cat?post=987513827"},{"taxonomy":"product_tag","embeddable":true,"href":"https:\/\/www.orientpharma.vn\/en\/wp-json\/wp\/v2\/product_tag?post=987513827"}],"curies":[{"name":"wp","href":"https:\/\/api.w.org\/{rel}","templated":true}]}}