{"id":987513826,"date":"2024-09-14T04:38:01","date_gmt":"2024-09-13T21:38:01","guid":{"rendered":"https:\/\/www.orientpharma.vn\/?post_type=product&#038;p=987513826"},"modified":"2025-08-05T23:58:53","modified_gmt":"2025-08-05T16:58:53","slug":"doglitazon-200mg","status":"publish","type":"product","link":"https:\/\/www.orientpharma.vn\/en\/product\/doglitazon-200mg\/","title":{"rendered":"Doglitazon 200mg"},"content":{"rendered":"","protected":false},"excerpt":{"rendered":"<p><strong>D\u1ea1ng b\u00e0o ch\u1ebf:<\/strong> Vi\u00ean nang m\u1ec1m<br \/>\n<strong>Quy c\u00e1ch:<\/strong> H\u1ed9p 12 v\u1ec9 x 5 vi\u00ean<br \/>\n<strong>Ch\u1ec9 \u0111\u1ecbnh:<\/strong> Gan nhi\u1ec5m m\u1ee1, X\u01a1 gan, Suy gan, M\u1ec7t m\u1ecfi, M\u1ee5n tr\u1ee9ng c\u00e1, Kh\u00f3 ti\u00eau, Vi\u00eam gan m\u1ea1n, T\u00e1o b\u00f3n, Vi\u00eam gan, Nhi\u1ec5m \u0111\u1ed9c gan, Ch\u00e1n \u0103n, M\u1ee5n nh\u1ecdt, V\u00e0ng da<br \/>\n<strong>Ch\u1ed1ng ch\u1ec9 \u0111\u1ecbnh:<\/strong> D\u1ecb \u1ee9ng thu\u1ed1c, \u0110\u00e1i th\u00e1o \u0111\u01b0\u1eddng (Ti\u1ec3u \u0111\u01b0\u1eddng), T\u1eafc m\u1eadt<br \/>\n<strong>Nh\u00e0 s\u1ea3n xu\u1ea5t:<\/strong> C\u00d4NG TY CP D\u01af\u1ee2C PH\u1ea8M PH\u01af\u01a0NG \u0110\u00d4NG<br \/>\n<strong>N\u01b0\u1edbc s\u1ea3n xu\u1ea5t:<\/strong> Vi\u1ec7t Nam<br \/>\n<strong>Xu\u1ea5t x\u1ee9 th\u01b0\u01a1ng hi\u1ec7u:<\/strong> Vi\u1ec7t Nam<br \/>\n<strong>S\u1ed1 \u0111\u0103ng k\u00fd:<\/strong> VD-29082-18<br \/>\nThu\u1ed1c c\u1ea7n k\u00ea toa: C\u00f3<\/p>\n<p><strong>M\u00f4 t\u1ea3 ng\u1eafn<\/strong><\/p>\n<p>Doglitazon l\u00e0 s\u1ea3n ph\u1ea9m c\u1ee7a C\u00f4ng ty C\u1ed5 ph\u1ea7n D\u01b0\u1ee3c ph\u1ea9m\u00a0Ph\u01b0\u01a1ng \u0110\u00f4ng, c\u00f3 th\u00e0nh ph\u1ea7n ch\u00ednh l\u00e0 cao Cardus marianus. Thu\u1ed1c c\u00f3 t\u00e1c d\u1ee5ng \u0111i\u1ec1u tr\u1ecb r\u1ed1i lo\u1ea1n ti\u00eau h\u00f3a, gi\u1ea3i \u0111\u1ed9c gan.<\/p>\n<p>Doglitazon \u0111\u01b0\u1ee3c b\u00e0o ch\u1ebf d\u1ea1ng vi\u00ean nang m\u1ec1m, \u0111\u00f3ng g\u00f3i theo quy c\u00e1ch v\u1ec9 5 vi\u00ean x h\u1ed9p 12 v\u1ec9.<\/p>\n<p><strong>L\u01b0u \u00fd:<\/strong> S\u1ea3n ph\u1ea9m n\u00e0y ch\u1ec9 b\u00e1n khi c\u00f3 ch\u1ec9 \u0111\u1ecbnh c\u1ee7a b\u00e1c s\u0129, m\u1ecdi th\u00f4ng tin tr\u00ean Website ch\u1ec9 mang t\u00ednh ch\u1ea5t tham kh\u1ea3o.<\/p>\n","protected":false},"featured_media":987512984,"comment_status":"closed","ping_status":"closed","template":"","meta":{"_acf_changed":false,"_et_pb_use_builder":"","_et_pb_old_content":"","_et_gb_content_width":""},"product_brand":[],"product_cat":[],"product_tag":[],"class_list":{"0":"post-987513826","1":"product","2":"type-product","3":"status-publish","4":"has-post-thumbnail","7":"first","8":"instock","9":"shipping-taxable","10":"product-type-simple"},"acf":[],"_links":{"self":[{"href":"https:\/\/www.orientpharma.vn\/en\/wp-json\/wp\/v2\/product\/987513826","targetHints":{"allow":["GET"]}}],"collection":[{"href":"https:\/\/www.orientpharma.vn\/en\/wp-json\/wp\/v2\/product"}],"about":[{"href":"https:\/\/www.orientpharma.vn\/en\/wp-json\/wp\/v2\/types\/product"}],"replies":[{"embeddable":true,"href":"https:\/\/www.orientpharma.vn\/en\/wp-json\/wp\/v2\/comments?post=987513826"}],"wp:featuredmedia":[{"embeddable":true,"href":"https:\/\/www.orientpharma.vn\/en\/wp-json\/wp\/v2\/media\/987512984"}],"wp:attachment":[{"href":"https:\/\/www.orientpharma.vn\/en\/wp-json\/wp\/v2\/media?parent=987513826"}],"wp:term":[{"taxonomy":"product_brand","embeddable":true,"href":"https:\/\/www.orientpharma.vn\/en\/wp-json\/wp\/v2\/product_brand?post=987513826"},{"taxonomy":"product_cat","embeddable":true,"href":"https:\/\/www.orientpharma.vn\/en\/wp-json\/wp\/v2\/product_cat?post=987513826"},{"taxonomy":"product_tag","embeddable":true,"href":"https:\/\/www.orientpharma.vn\/en\/wp-json\/wp\/v2\/product_tag?post=987513826"}],"curies":[{"name":"wp","href":"https:\/\/api.w.org\/{rel}","templated":true}]}}