{"id":987513825,"date":"2024-09-14T05:36:28","date_gmt":"2024-09-13T22:36:28","guid":{"rendered":"https:\/\/www.orientpharma.vn\/?post_type=product&#038;p=987513825"},"modified":"2025-08-05T23:57:33","modified_gmt":"2025-08-05T16:57:33","slug":"setbozi","status":"publish","type":"product","link":"https:\/\/www.orientpharma.vn\/en\/product\/setbozi\/","title":{"rendered":"Setbozi"},"content":{"rendered":"","protected":false},"excerpt":{"rendered":"<p><strong>D\u1ea1ng b\u00e0o ch\u1ebf:<\/strong> Dung d\u1ecbch u\u1ed1ng<br \/>\n<strong>Quy c\u00e1ch:<\/strong> H\u1ed9p 4 V\u1ec9 x 5 \u1ed0ng<br \/>\n<strong>Th\u00e0nh ph\u1ea7n:<\/strong> Desloratadine<br \/>\n<strong>Ch\u1ec9 \u0111\u1ecbnh:<\/strong> Gan nhi\u1ec5m m\u1ee1, X\u01a1 gan, Suy gan, M\u1ec7t m\u1ecfi, M\u1ee5n tr\u1ee9ng c\u00e1, Kh\u00f3 ti\u00eau, Vi\u00eam gan m\u1ea1n, T\u00e1o b\u00f3n, Vi\u00eam gan, Nhi\u1ec5m \u0111\u1ed9c gan, Ch\u00e1n \u0103n, M\u1ee5n nh\u1ecdt, V\u00e0ng da<br \/>\n<strong>Ch\u1ed1ng ch\u1ec9 \u0111\u1ecbnh:<\/strong> D\u1ecb \u1ee9ng thu\u1ed1c, \u0110\u00e1i th\u00e1o \u0111\u01b0\u1eddng (Ti\u1ec3u \u0111\u01b0\u1eddng), T\u1eafc m\u1eadt<br \/>\n<strong>Nh\u00e0 s\u1ea3n xu\u1ea5t:<\/strong> C\u00d4NG TY CP D\u01af\u1ee2C PH\u1ea8M PH\u01af\u01a0NG \u0110\u00d4NG<br \/>\n<strong>N\u01b0\u1edbc s\u1ea3n xu\u1ea5t:<\/strong> Vi\u1ec7t Nam<br \/>\n<strong>Xu\u1ea5t x\u1ee9 th\u01b0\u01a1ng hi\u1ec7u:<\/strong> Vi\u1ec7t Nam<br \/>\n<strong>S\u1ed1 \u0111\u0103ng k\u00fd:<\/strong> VD-29079-18<br \/>\nThu\u1ed1c c\u1ea7n k\u00ea toa: Kh\u00f4ng<\/p>\n<p><strong>M\u00f4 t\u1ea3 ng\u1eafn<\/strong><\/p>\n<p>Thu\u1ed1c Setbozi Stick l\u00e0 s\u1ea3n ph\u1ea9m c\u1ee7a C\u00f4ng ty C\u1ed5 ph\u1ea7n D\u01b0\u1ee3c ph\u1ea9m Ph\u01b0\u01a1ng \u0110\u00f4ng c\u00f3 th\u00e0nh ph\u1ea7n ch\u00ednh l\u00e0 Desloratadin 2.5mg d\u00f9ng l\u00e0m gi\u1ea3m c\u00e1c tri\u1ec7u ch\u1ee9ng c\u1ee7a b\u1ec7nh vi\u00eam m\u0169i d\u1ecb \u1ee9ng (theo m\u00f9a v\u00e0 m\u1ea1n t\u00ednh) nh\u01b0: H\u1eaft h\u01a1i, ch\u1ea3y m\u0169i v\u00e0 ng\u1ee9a m\u0169i, ngh\u1eb9t m\u0169i, k\u00e8m k\u00edch \u1ee9ng m\u1eaft, ch\u1ea3y n\u01b0\u1edbc m\u1eaft v\u00e0 \u0111\u1ecf m\u1eaft. L\u00e0m gi\u1ea3m c\u00e1c tri\u1ec7u ch\u1ee9ng li\u00ean quan \u0111\u1ebfn m\u00e0y \u0111ay t\u1ef1 ph\u00e1t m\u1ea1n t\u00ednh nh\u01b0: Ng\u1ee9a, ban \u0111\u1ecf.<\/p>\n","protected":false},"featured_media":987512987,"comment_status":"closed","ping_status":"closed","template":"","meta":{"_acf_changed":false,"_et_pb_use_builder":"","_et_pb_old_content":"","_et_gb_content_width":""},"product_brand":[],"product_cat":[],"product_tag":[],"class_list":{"0":"post-987513825","1":"product","2":"type-product","3":"status-publish","4":"has-post-thumbnail","7":"first","8":"instock","9":"shipping-taxable","10":"product-type-simple"},"acf":[],"_links":{"self":[{"href":"https:\/\/www.orientpharma.vn\/en\/wp-json\/wp\/v2\/product\/987513825","targetHints":{"allow":["GET"]}}],"collection":[{"href":"https:\/\/www.orientpharma.vn\/en\/wp-json\/wp\/v2\/product"}],"about":[{"href":"https:\/\/www.orientpharma.vn\/en\/wp-json\/wp\/v2\/types\/product"}],"replies":[{"embeddable":true,"href":"https:\/\/www.orientpharma.vn\/en\/wp-json\/wp\/v2\/comments?post=987513825"}],"wp:featuredmedia":[{"embeddable":true,"href":"https:\/\/www.orientpharma.vn\/en\/wp-json\/wp\/v2\/media\/987512987"}],"wp:attachment":[{"href":"https:\/\/www.orientpharma.vn\/en\/wp-json\/wp\/v2\/media?parent=987513825"}],"wp:term":[{"taxonomy":"product_brand","embeddable":true,"href":"https:\/\/www.orientpharma.vn\/en\/wp-json\/wp\/v2\/product_brand?post=987513825"},{"taxonomy":"product_cat","embeddable":true,"href":"https:\/\/www.orientpharma.vn\/en\/wp-json\/wp\/v2\/product_cat?post=987513825"},{"taxonomy":"product_tag","embeddable":true,"href":"https:\/\/www.orientpharma.vn\/en\/wp-json\/wp\/v2\/product_tag?post=987513825"}],"curies":[{"name":"wp","href":"https:\/\/api.w.org\/{rel}","templated":true}]}}