{"id":987513823,"date":"2024-09-14T06:11:12","date_gmt":"2024-09-13T23:11:12","guid":{"rendered":"https:\/\/www.orientpharma.vn\/?post_type=product&#038;p=987513823"},"modified":"2025-08-05T23:42:36","modified_gmt":"2025-08-05T16:42:36","slug":"sanroza-40mg","status":"publish","type":"product","link":"https:\/\/www.orientpharma.vn\/en\/product\/sanroza-40mg\/","title":{"rendered":"Sanroza 40mg"},"content":{"rendered":"","protected":false},"excerpt":{"rendered":"<p><strong>D\u1ea1ng b\u00e0o ch\u1ebf:<\/strong> Vi\u00ean nang m\u1ec1m<br \/>\n<strong>Quy c\u00e1ch:<\/strong> H\u1ed9p 10 v\u1ec9 x 10 vi\u00ean<br \/>\n<strong>Th\u00e0nh ph\u1ea7n:<\/strong> Ginkgo biloba<br \/>\n<strong>Ch\u1ec9 \u0111\u1ecbnh:<\/strong> Suy gi\u1ea3m nh\u1eadn th\u1ee9c, R\u1ed1i lo\u1ea1n tu\u1ea7n ho\u00e0n n\u00e3o, Alzheimer, Hoa m\u1eaft ch\u00f3ng m\u1eb7t, M\u1ea5t r\u0103ng<br \/>\n<strong>Ch\u1ed1ng ch\u1ec9 \u0111\u1ecbnh:<\/strong> \u0110\u00f4ng m\u00e1u n\u1ed9i m\u1ea1ch r\u1ea3i r\u00e1c<br \/>\n<strong>Nh\u00e0 s\u1ea3n xu\u1ea5t:<\/strong> C\u00d4NG TY CP D\u01af\u1ee2C PH\u1ea8M PH\u01af\u01a0NG \u0110\u00d4NG<br \/>\n<strong>N\u01b0\u1edbc s\u1ea3n xu\u1ea5t:<\/strong> Vi\u1ec7t Nam<br \/>\n<strong>Xu\u1ea5t x\u1ee9 th\u01b0\u01a1ng hi\u1ec7u:<\/strong> Vi\u1ec7t Nam<br \/>\n<strong>S\u1ed1 \u0111\u0103ng k\u00fd:<\/strong> VD-22990-15<br \/>\nThu\u1ed1c c\u1ea7n k\u00ea toa: Kh\u00f4ng<\/p>\n<p><strong>M\u00f4 t\u1ea3 ng\u1eafn<\/strong><\/p>\n<p>Sanroza l\u00e0 vi\u00ean nang m\u1ec1m c\u00f3 th\u00e0nh ph\u1ea7n ho\u1ea1t ch\u1ea5t ch\u00ednh l\u00e0 cao kh\u00f4 l\u00e1 b\u1ea1ch qu\u1ea3. Thu\u1ed1c \u0111\u01b0\u1ee3c s\u1ea3n xu\u1ea5t b\u1edfi C\u00f4ng ty C\u1ed5 Ph\u1ea7n D\u01b0\u1ee3c Ph\u1ea9m Ph\u01b0\u01a1ng \u0110\u00f4ng v\u00e0 \u0111\u01b0\u1ee3c d\u00f9ng nh\u01b0 m\u1ed9t thu\u1ed1c b\u1ed5 n\u00e3o v\u00e0 tu\u1ea7n ho\u00e0n, \u0111\u01b0\u1ee3c ch\u1ec9 \u0111\u1ecbnh \u0111\u1ec3 \u0111i\u1ec1u tr\u1ecb h\u1ed7 tr\u1ee3 c\u00e1c b\u1ec7nh l\u00fd li\u00ean quan \u0111\u1ebfn suy gi\u1ea3m tu\u1ea7n ho\u00e0n ngo\u1ea1i vi v\u00e0 tu\u1ea7n ho\u00e0n n\u00e3o, c\u00e1c suy gi\u1ea3m tr\u00ed nh\u1edb v\u00e0 k\u00e9m t\u1eadp trung \u0111\u1eb7c bi\u1ec7t \u1edf ng\u01b0\u1eddi l\u1edbn tu\u1ed5i.<\/p>\n","protected":false},"featured_media":987512998,"comment_status":"closed","ping_status":"closed","template":"","meta":{"_acf_changed":false,"_et_pb_use_builder":"","_et_pb_old_content":"","_et_gb_content_width":""},"product_brand":[],"product_cat":[],"product_tag":[],"class_list":{"0":"post-987513823","1":"product","2":"type-product","3":"status-publish","4":"has-post-thumbnail","7":"first","8":"instock","9":"shipping-taxable","10":"product-type-simple"},"acf":[],"_links":{"self":[{"href":"https:\/\/www.orientpharma.vn\/en\/wp-json\/wp\/v2\/product\/987513823","targetHints":{"allow":["GET"]}}],"collection":[{"href":"https:\/\/www.orientpharma.vn\/en\/wp-json\/wp\/v2\/product"}],"about":[{"href":"https:\/\/www.orientpharma.vn\/en\/wp-json\/wp\/v2\/types\/product"}],"replies":[{"embeddable":true,"href":"https:\/\/www.orientpharma.vn\/en\/wp-json\/wp\/v2\/comments?post=987513823"}],"wp:featuredmedia":[{"embeddable":true,"href":"https:\/\/www.orientpharma.vn\/en\/wp-json\/wp\/v2\/media\/987512998"}],"wp:attachment":[{"href":"https:\/\/www.orientpharma.vn\/en\/wp-json\/wp\/v2\/media?parent=987513823"}],"wp:term":[{"taxonomy":"product_brand","embeddable":true,"href":"https:\/\/www.orientpharma.vn\/en\/wp-json\/wp\/v2\/product_brand?post=987513823"},{"taxonomy":"product_cat","embeddable":true,"href":"https:\/\/www.orientpharma.vn\/en\/wp-json\/wp\/v2\/product_cat?post=987513823"},{"taxonomy":"product_tag","embeddable":true,"href":"https:\/\/www.orientpharma.vn\/en\/wp-json\/wp\/v2\/product_tag?post=987513823"}],"curies":[{"name":"wp","href":"https:\/\/api.w.org\/{rel}","templated":true}]}}