{"id":987513822,"date":"2024-09-14T06:21:37","date_gmt":"2024-09-13T23:21:37","guid":{"rendered":"https:\/\/www.orientpharma.vn\/?post_type=product&#038;p=987513822"},"modified":"2025-08-05T23:41:39","modified_gmt":"2025-08-05T16:41:39","slug":"smodir-dt-300mg","status":"publish","type":"product","link":"https:\/\/www.orientpharma.vn\/en\/product\/smodir-dt-300mg\/","title":{"rendered":"Smodir-DT 300mg"},"content":{"rendered":"","protected":false},"excerpt":{"rendered":"<p><strong>D\u1ea1ng b\u00e0o ch\u1ebf:<\/strong> Vi\u00ean n\u00e9n ph\u00e2n t\u00e1n<br \/>\n<strong>Quy c\u00e1ch:<\/strong> H\u1ed9p 10 v\u1ec9 x 10 vi\u00ean<br \/>\n<strong>Th\u00e0nh ph\u1ea7n:<\/strong> Cefdinir<br \/>\n<strong>Ch\u1ec9 \u0111\u1ecbnh:<\/strong> Vi\u00eam amidan, Vi\u00eam tai gi\u1eefa, Vi\u00eam xoang, Nhi\u1ec5m tr\u00f9ng ti\u1ebft ni\u1ec7u, Nhi\u1ec5m tr\u00f9ng da v\u00e0 m\u00f4 m\u1ec1m, Vi\u00eam ph\u1ebf qu\u1ea3n c\u1ea5p t\u00ednh, Vi\u00eam ph\u1ebf qu\u1ea3n m\u1ea1n t\u00ednh<br \/>\n<strong>Ch\u1ed1ng ch\u1ec9 \u0111\u1ecbnh:<\/strong> D\u1ecb \u1ee9ng thu\u1ed1c<br \/>\n<strong>Nh\u00e0 s\u1ea3n xu\u1ea5t:<\/strong> C\u00d4NG TY CP D\u01af\u1ee2C PH\u1ea8M PH\u01af\u01a0NG \u0110\u00d4NG<br \/>\n<strong>N\u01b0\u1edbc s\u1ea3n xu\u1ea5t:<\/strong> Vi\u1ec7t Nam<br \/>\n<strong>Xu\u1ea5t x\u1ee9 th\u01b0\u01a1ng hi\u1ec7u:<\/strong> Vi\u1ec7t Nam<br \/>\n<strong>S\u1ed1 \u0111\u0103ng k\u00fd:<\/strong> VD-27989-17<br \/>\n<strong>Thu\u1ed1c c\u1ea7n k\u00ea toa:<\/strong> C\u00f3<\/p>\n<p><strong>M\u00f4 t\u1ea3 ng\u1eafn<\/strong><\/p>\n<p>Thu\u1ed1c Smodir &#8211; Dt \u0111\u01b0\u1ee3c s\u1ea3n xu\u1ea5t b\u1edfi C\u00f4ng Ty C\u1ed5 Ph\u1ea7n D\u01b0\u1ee3c ph\u1ea9m Ph\u01b0\u01a1ng \u0110\u00f4ng, c\u00f3 th\u00e0nh ph\u1ea7n ch\u00ednh l\u00e0 cefdinir. Thu\u1ed1c \u0111\u01b0\u1ee3c ch\u1ec9 \u0111\u1ecbnh \u0111i\u1ec1u tr\u1ecb c\u00e1c nhi\u1ec5m khu\u1ea9n nh\u1eb9 v\u00e0 trung b\u00ecnh g\u00e2y n\u00ean b\u1edfi c\u00e1c vi khu\u1ea9n nh\u1ea1y c\u1ea3m trong c\u00e1c tr\u01b0\u1eddng h\u1ee3p nh\u01b0 vi\u00eam ph\u1ed5i c\u1ed9ng \u0111\u1ed3ng m\u1eafc ph\u1ea3i, nh\u1eefng \u0111\u1ee3t c\u1ea5p trong vi\u00eam ph\u1ebf qu\u1ea3n m\u1ea1n, vi\u00eam xoang h\u00e0m tr\u00ean c\u1ea5p, vi\u00eam h\u1ecdng, vi\u00eam amidan, nhi\u1ec5m khu\u1ea9n da v\u00e0 m\u00f4 m\u1ec1m kh\u00f4ng bi\u1ebfn ch\u1ee9ng.<\/p>\n<p>Thu\u1ed1c Smodir &#8211; Dt \u0111\u01b0\u1ee3c b\u00e0o ch\u1ebf d\u01b0\u1edbi d\u1ea1ng vi\u00ean n\u00e9n ph\u00e2n t\u00e1n. Quy c\u00e1ch \u0111\u00f3ng g\u00f3i: V\u1ec9 10 vi\u00ean, h\u1ed9p 1 v\u1ec9, h\u1ed9p 2 v\u1ec9, h\u1ed9p 3 v\u1ec9, h\u1ed9p 6 vi v\u00e0 h\u1ed9p 10 v\u1ec9,\u00a0chai 30 vi\u00ean, chai 60 vi\u00ean v\u00e0 chai 100 vi\u00ean.<\/p>\n<p><strong>.\u0110\u1ed1i t\u01b0\u1ee3ng s\u1eed d\u1ee5ng: <\/strong>Tr\u1ebb em, Ng\u01b0\u1eddi cao tu\u1ed5i<\/p>\n<p><strong>L\u01b0u \u00fd<\/strong><br \/>\nS\u1ea3n ph\u1ea9m n\u00e0y ch\u1ec9 b\u00e1n khi c\u00f3 ch\u1ec9 \u0111\u1ecbnh c\u1ee7a b\u00e1c s\u0129, m\u1ecdi th\u00f4ng tin tr\u00ean Website ch\u1ec9 mang t\u00ednh ch\u1ea5t tham kh\u1ea3o.<\/p>\n","protected":false},"featured_media":987513001,"comment_status":"closed","ping_status":"closed","template":"","meta":{"_acf_changed":false,"_et_pb_use_builder":"","_et_pb_old_content":"","_et_gb_content_width":""},"product_brand":[],"product_cat":[],"product_tag":[],"class_list":{"0":"post-987513822","1":"product","2":"type-product","3":"status-publish","4":"has-post-thumbnail","7":"first","8":"instock","9":"shipping-taxable","10":"product-type-simple"},"acf":[],"_links":{"self":[{"href":"https:\/\/www.orientpharma.vn\/en\/wp-json\/wp\/v2\/product\/987513822","targetHints":{"allow":["GET"]}}],"collection":[{"href":"https:\/\/www.orientpharma.vn\/en\/wp-json\/wp\/v2\/product"}],"about":[{"href":"https:\/\/www.orientpharma.vn\/en\/wp-json\/wp\/v2\/types\/product"}],"replies":[{"embeddable":true,"href":"https:\/\/www.orientpharma.vn\/en\/wp-json\/wp\/v2\/comments?post=987513822"}],"wp:featuredmedia":[{"embeddable":true,"href":"https:\/\/www.orientpharma.vn\/en\/wp-json\/wp\/v2\/media\/987513001"}],"wp:attachment":[{"href":"https:\/\/www.orientpharma.vn\/en\/wp-json\/wp\/v2\/media?parent=987513822"}],"wp:term":[{"taxonomy":"product_brand","embeddable":true,"href":"https:\/\/www.orientpharma.vn\/en\/wp-json\/wp\/v2\/product_brand?post=987513822"},{"taxonomy":"product_cat","embeddable":true,"href":"https:\/\/www.orientpharma.vn\/en\/wp-json\/wp\/v2\/product_cat?post=987513822"},{"taxonomy":"product_tag","embeddable":true,"href":"https:\/\/www.orientpharma.vn\/en\/wp-json\/wp\/v2\/product_tag?post=987513822"}],"curies":[{"name":"wp","href":"https:\/\/api.w.org\/{rel}","templated":true}]}}