{"id":987513821,"date":"2024-09-14T06:34:15","date_gmt":"2024-09-13T23:34:15","guid":{"rendered":"https:\/\/www.orientpharma.vn\/?post_type=product&#038;p=987513821"},"modified":"2025-08-05T23:40:49","modified_gmt":"2025-08-05T16:40:49","slug":"supodatin-5ml","status":"publish","type":"product","link":"https:\/\/www.orientpharma.vn\/en\/product\/supodatin-5ml\/","title":{"rendered":"Supodatin 5ml"},"content":{"rendered":"","protected":false},"excerpt":{"rendered":"<p><strong>D\u1ea1ng b\u00e0o ch\u1ebf:<\/strong> Siro<br \/>\n<strong>Quy c\u00e1ch:<\/strong> H\u1ed9p 30 \u1ed0ng x 5ml<br \/>\n<strong>Th\u00e0nh ph\u1ea7n:<\/strong> Cefdinir<br \/>\n<strong>Ch\u1ec9 \u0111\u1ecbnh:<\/strong>\u00a0 Vitamin B12, S\u1eaft, Calcium, Magnesium, Lysine, Vitamin A, Vitamin B1, Vitamin D3<br \/>\n<strong>Ch\u1ed1ng ch\u1ec9 \u0111\u1ecbnh:<\/strong> D\u1ecb \u1ee9ng thu\u1ed1c<br \/>\n<strong>Nh\u00e0 s\u1ea3n xu\u1ea5t:<\/strong> C\u00d4NG TY CP D\u01af\u1ee2C PH\u1ea8M PH\u01af\u01a0NG \u0110\u00d4NG<br \/>\n<strong>N\u01b0\u1edbc s\u1ea3n xu\u1ea5t:<\/strong> Vi\u1ec7t Nam<br \/>\n<strong>Xu\u1ea5t x\u1ee9 th\u01b0\u01a1ng hi\u1ec7u:<\/strong> Vi\u1ec7t Nam<br \/>\n<strong>S\u1ed1 \u0111\u0103ng k\u00fd:<\/strong> VD-24841-16<br \/>\n<strong>Thu\u1ed1c c\u1ea7n k\u00ea toa:<\/strong>\u00a0Kh\u00f4ng<\/p>\n<p><strong>M\u00f4 t\u1ea3 ng\u1eafn<\/strong><\/p>\n<p>Thu\u1ed1c Supodatin l\u00e0 s\u1ea3n ph\u1ea9m c\u1ee7a C\u00f4ng ty C\u1ed5 ph\u1ea7n D\u01b0\u1ee3c ph\u1ea9m Ph\u01b0\u01a1ng \u0110\u00f4ng, c\u00f3 th\u00e0nh ph\u1ea7n ch\u00ednh l\u00e0 vitamin B12, S\u1eaft, Calcium, Magnesium, Lysine, vitamin A, vitamin B1, vitamin D3. \u0110\u00e2y l\u00e0 thu\u1ed1c \u0111\u01b0\u1ee3c s\u1eed d\u1ee5ng \u0111\u1ec3 cung c\u1ea5p vitamin v\u00e0 c\u00e1c kho\u00e1ng ch\u1ea5t c\u1ea7n thi\u1ebft trong c\u00e1c tr\u01b0\u1eddng h\u1ee3p tr\u1ebb suy dinh d\u01b0\u1ee1ng, bi\u1ebfng \u0103n, c\u00f2i x\u01b0\u01a1ng, ch\u1eadm l\u1edbn.<\/p>\n<p><strong>\u0110\u1ed1i t\u01b0\u1ee3ng s\u1eed d\u1ee5ng:<\/strong>Tr\u1ebb em<\/p>\n","protected":false},"featured_media":987513009,"comment_status":"closed","ping_status":"closed","template":"","meta":{"_acf_changed":false,"_et_pb_use_builder":"","_et_pb_old_content":"","_et_gb_content_width":""},"product_brand":[],"product_cat":[],"product_tag":[],"class_list":{"0":"post-987513821","1":"product","2":"type-product","3":"status-publish","4":"has-post-thumbnail","7":"first","8":"instock","9":"shipping-taxable","10":"product-type-simple"},"acf":[],"_links":{"self":[{"href":"https:\/\/www.orientpharma.vn\/en\/wp-json\/wp\/v2\/product\/987513821","targetHints":{"allow":["GET"]}}],"collection":[{"href":"https:\/\/www.orientpharma.vn\/en\/wp-json\/wp\/v2\/product"}],"about":[{"href":"https:\/\/www.orientpharma.vn\/en\/wp-json\/wp\/v2\/types\/product"}],"replies":[{"embeddable":true,"href":"https:\/\/www.orientpharma.vn\/en\/wp-json\/wp\/v2\/comments?post=987513821"}],"wp:featuredmedia":[{"embeddable":true,"href":"https:\/\/www.orientpharma.vn\/en\/wp-json\/wp\/v2\/media\/987513009"}],"wp:attachment":[{"href":"https:\/\/www.orientpharma.vn\/en\/wp-json\/wp\/v2\/media?parent=987513821"}],"wp:term":[{"taxonomy":"product_brand","embeddable":true,"href":"https:\/\/www.orientpharma.vn\/en\/wp-json\/wp\/v2\/product_brand?post=987513821"},{"taxonomy":"product_cat","embeddable":true,"href":"https:\/\/www.orientpharma.vn\/en\/wp-json\/wp\/v2\/product_cat?post=987513821"},{"taxonomy":"product_tag","embeddable":true,"href":"https:\/\/www.orientpharma.vn\/en\/wp-json\/wp\/v2\/product_tag?post=987513821"}],"curies":[{"name":"wp","href":"https:\/\/api.w.org\/{rel}","templated":true}]}}