{"id":987513819,"date":"2024-09-14T07:12:54","date_gmt":"2024-09-14T00:12:54","guid":{"rendered":"https:\/\/www.orientpharma.vn\/?post_type=product&#038;p=987513819"},"modified":"2025-08-05T23:38:21","modified_gmt":"2025-08-05T16:38:21","slug":"vigahom","status":"publish","type":"product","link":"https:\/\/www.orientpharma.vn\/en\/product\/vigahom\/","title":{"rendered":"Vigahom"},"content":{"rendered":"","protected":false},"excerpt":{"rendered":"<p><strong>D\u1ea1ng b\u00e0o ch\u1ebf:<\/strong> Dung d\u1ecbch<br \/>\n<strong>Quy c\u00e1ch:<\/strong> H\u1ed9p 20 \u1ed0ng<br \/>\n<strong>Th\u00e0nh ph\u1ea7n:<\/strong> <span class=\"css-1l7n2ui\">S\u1eaft gluconat,\u00a0<\/span><span class=\"css-1l7n2ui\">Mangan gluconat,\u00a0<\/span><span class=\"css-1l7n2ui\">\u0110\u1ed3ng gluconat<\/span><br \/>\n<strong>Ch\u1ec9 \u0111\u1ecbnh:<\/strong> Thi\u1ebfu m\u00e1u do thi\u1ebfu s\u1eaft, \u0111i\u1ec1u tr\u1ecb ph\u00f2ng ng\u1eeba thi\u1ebfu s\u1eaftch\u00f4<br \/>\n<strong>Ch\u1ed1ng ch\u1ec9 \u0111\u1ecbnh:<\/strong> Thi\u1ebfu m\u00e1u kh\u00f4ng do thi\u1ebfu s\u1eaft. Qu\u00e1 t\u1ea3i ch\u1ea5t s\u1eaft. B\u1ec7nh Thelass\u00e9mie. Thi\u1ebfu m\u00e1u do suy t\u1ee7y. Lo\u00e9t d\u1ea1 d\u00e0y t\u00e1 tr\u00e0ng c\u1ea5p t\u00ednh. M\u1eabn c\u1ea3m v\u1edbi b\u1ea5t c\u1ee9 th\u00e0nh ph\u1ea7n n\u00e0o c\u1ee7a thu\u1ed1c.<br \/>\n<strong>Nh\u00e0 s\u1ea3n xu\u1ea5t:<\/strong> C\u00d4NG TY CP D\u01af\u1ee2C PH\u1ea8M PH\u01af\u01a0NG \u0110\u00d4NG<br \/>\n<strong>N\u01b0\u1edbc s\u1ea3n xu\u1ea5t:<\/strong> Vi\u1ec7t Nam<br \/>\n<strong>Xu\u1ea5t x\u1ee9 th\u01b0\u01a1ng hi\u1ec7u:<\/strong> Vi\u1ec7t Nam<br \/>\n<strong>S\u1ed1 \u0111\u0103ng k\u00fd:<\/strong> VD-28678-18<br \/>\n<strong>Thu\u1ed1c c\u1ea7n k\u00ea toa:<\/strong>\u00a0Kh\u00f4ng<\/p>\n<p><strong>M\u00f4 t\u1ea3 ng\u1eafn<\/strong><\/p>\n<p>Dung d\u1ecbch u\u1ed1ng Vigahom l\u00e0 s\u1ea3n ph\u1ea9m c\u1ee7a C\u00f4ng ty c\u1ed5 ph\u1ea7n D\u01b0\u1ee3c ph\u1ea9m Ph\u01b0\u01a1ng \u0110\u00f4ng d\u00f9ng trong \u0111i\u1ec1u tr\u1ecb thi\u1ebfu m\u00e1u do thi\u1ebfu s\u1eaft, \u0111i\u1ec1u tr\u1ecb d\u1ef1 ph\u00f2ng thi\u1ebfu s\u1eaft cho nh\u1eefng ng\u01b0\u1eddi c\u00f3 nguy c\u01a1 cao\u00a0<a href=\"https:\/\/nhathuoclongchau.com.vn\/benh\/thieu-mau-thieu-sat-561.html\">thi\u1ebfu s\u1eaft<\/a>.<\/p>\n","protected":false},"featured_media":987513023,"comment_status":"closed","ping_status":"closed","template":"","meta":{"_acf_changed":false,"_et_pb_use_builder":"","_et_pb_old_content":"","_et_gb_content_width":""},"product_brand":[],"product_cat":[],"product_tag":[],"class_list":{"0":"post-987513819","1":"product","2":"type-product","3":"status-publish","4":"has-post-thumbnail","7":"first","8":"instock","9":"shipping-taxable","10":"product-type-simple"},"acf":[],"_links":{"self":[{"href":"https:\/\/www.orientpharma.vn\/en\/wp-json\/wp\/v2\/product\/987513819","targetHints":{"allow":["GET"]}}],"collection":[{"href":"https:\/\/www.orientpharma.vn\/en\/wp-json\/wp\/v2\/product"}],"about":[{"href":"https:\/\/www.orientpharma.vn\/en\/wp-json\/wp\/v2\/types\/product"}],"replies":[{"embeddable":true,"href":"https:\/\/www.orientpharma.vn\/en\/wp-json\/wp\/v2\/comments?post=987513819"}],"wp:featuredmedia":[{"embeddable":true,"href":"https:\/\/www.orientpharma.vn\/en\/wp-json\/wp\/v2\/media\/987513023"}],"wp:attachment":[{"href":"https:\/\/www.orientpharma.vn\/en\/wp-json\/wp\/v2\/media?parent=987513819"}],"wp:term":[{"taxonomy":"product_brand","embeddable":true,"href":"https:\/\/www.orientpharma.vn\/en\/wp-json\/wp\/v2\/product_brand?post=987513819"},{"taxonomy":"product_cat","embeddable":true,"href":"https:\/\/www.orientpharma.vn\/en\/wp-json\/wp\/v2\/product_cat?post=987513819"},{"taxonomy":"product_tag","embeddable":true,"href":"https:\/\/www.orientpharma.vn\/en\/wp-json\/wp\/v2\/product_tag?post=987513819"}],"curies":[{"name":"wp","href":"https:\/\/api.w.org\/{rel}","templated":true}]}}