{"id":987513818,"date":"2024-09-14T07:26:10","date_gmt":"2024-09-14T00:26:10","guid":{"rendered":"https:\/\/www.orientpharma.vn\/?post_type=product&#038;p=987513818"},"modified":"2025-08-05T23:37:24","modified_gmt":"2025-08-05T16:37:24","slug":"orientfe","status":"publish","type":"product","link":"https:\/\/www.orientpharma.vn\/en\/product\/orientfe\/","title":{"rendered":"Orientfe"},"content":{"rendered":"","protected":false},"excerpt":{"rendered":"<p><strong>D\u1ea1ng b\u00e0o ch\u1ebf:<\/strong> Vi\u00ean n\u00e9n bao phim<br \/>\n<strong>Quy c\u00e1ch:<\/strong> H\u1ed9p 1 v\u1ec9 x 10 vi\u00ean<br \/>\n<strong>Th\u00e0nh ph\u1ea7n:<\/strong> Cefpodoxim<br \/>\n<strong>Ch\u1ec9 \u0111\u1ecbnh:<\/strong> Vi\u00eam amidan, Vi\u00eam tai gi\u1eefa, Vi\u00eam xoang, Nhi\u1ec5m tr\u00f9ng ti\u1ebft ni\u1ec7u, Nhi\u1ec5m tr\u00f9ng da v\u00e0 m\u00f4 m\u1ec1m<br \/>\n<strong>Ch\u1ed1ng ch\u1ec9 \u0111\u1ecbnh:<\/strong> D\u1ecb \u1ee9ng thu\u1ed1c<br \/>\n<strong>Nh\u00e0 s\u1ea3n xu\u1ea5t:<\/strong> C\u00d4NG TY CP D\u01af\u1ee2C PH\u1ea8M PH\u01af\u01a0NG \u0110\u00d4NG<br \/>\n<strong>N\u01b0\u1edbc s\u1ea3n xu\u1ea5t:<\/strong> Vi\u1ec7t Nam<br \/>\n<strong>Xu\u1ea5t x\u1ee9 th\u01b0\u01a1ng hi\u1ec7u:<\/strong> Vi\u1ec7t Nam<br \/>\n<strong>S\u1ed1 \u0111\u0103ng k\u00fd:<\/strong> VD-25761-16<br \/>\n<strong>Thu\u1ed1c c\u1ea7n k\u00ea toa:<\/strong>\u00a0C\u00f3<\/p>\n<p><strong>M\u00f4 t\u1ea3 ng\u1eafn<\/strong><\/p>\n<p>Orientfe 1X10\u00a0la\u0300 sa\u0309n ph\u00e2\u0309m cu\u0309a C\u00f4ng ty C\u00f4\u0309 ph\u00e2\u0300n D\u01b0\u01a1\u0323c ph\u00e2\u0309m Ph\u01b0\u01a1ng \u0110\u00f4ng, tha\u0300nh ph\u00e2\u0300n chi\u0301nh la\u0300 cefpodoxim. Orientfe\u00a0\u0111\u01b0\u01a1\u0323c du\u0300ng \u0111\u00ea\u0309 \u0111i\u00ea\u0300u tri\u0323 nhi\u00ea\u0303m tru\u0300ng \u0111\u01b0\u01a1\u0300ng h\u00f4 h\u00e2\u0301p d\u01b0\u01a1\u0301i, nhi\u00ea\u0303m tru\u0300ng \u0111\u01b0\u01a1\u0300ng h\u00f4 h\u00e2\u0301p tr\u00ean, nhi\u00ea\u0303m khu\u00e2\u0309n \u0111\u01b0\u01a1\u0300ng ti\u00ea\u0301t ni\u00ea\u0323u th\u00ea\u0309 nhe\u0323 va\u0300 v\u01b0\u0300a ch\u01b0a co\u0301 bi\u00ea\u0301n ch\u01b0\u0301ng, b\u00ea\u0323nh l\u00e2\u0323u c\u00e2\u0300u ch\u01b0a bi\u00ea\u0301n ch\u01b0\u0301ng.<\/p>\n<p><strong>\u0110\u1ed1i t\u01b0\u1ee3ng s\u1eed d\u1ee5ng:<\/strong> Tr\u1ebb em, Ng\u01b0\u1eddi cao tu\u1ed5i<\/p>\n<p><strong>L\u01b0u \u00fd:\u00a0<\/strong>S\u1ea3n ph\u1ea9m n\u00e0y ch\u1ec9 b\u00e1n khi c\u00f3 ch\u1ec9 \u0111\u1ecbnh c\u1ee7a b\u00e1c s\u0129, m\u1ecdi th\u00f4ng tin tr\u00ean Website ch\u1ec9 mang t\u00ednh ch\u1ea5t tham kh\u1ea3o.<\/p>\n","protected":false},"featured_media":987513026,"comment_status":"closed","ping_status":"closed","template":"","meta":{"_acf_changed":false,"_et_pb_use_builder":"","_et_pb_old_content":"","_et_gb_content_width":""},"product_brand":[],"product_cat":[],"product_tag":[],"class_list":{"0":"post-987513818","1":"product","2":"type-product","3":"status-publish","4":"has-post-thumbnail","7":"first","8":"instock","9":"shipping-taxable","10":"product-type-simple"},"acf":[],"_links":{"self":[{"href":"https:\/\/www.orientpharma.vn\/en\/wp-json\/wp\/v2\/product\/987513818","targetHints":{"allow":["GET"]}}],"collection":[{"href":"https:\/\/www.orientpharma.vn\/en\/wp-json\/wp\/v2\/product"}],"about":[{"href":"https:\/\/www.orientpharma.vn\/en\/wp-json\/wp\/v2\/types\/product"}],"replies":[{"embeddable":true,"href":"https:\/\/www.orientpharma.vn\/en\/wp-json\/wp\/v2\/comments?post=987513818"}],"wp:featuredmedia":[{"embeddable":true,"href":"https:\/\/www.orientpharma.vn\/en\/wp-json\/wp\/v2\/media\/987513026"}],"wp:attachment":[{"href":"https:\/\/www.orientpharma.vn\/en\/wp-json\/wp\/v2\/media?parent=987513818"}],"wp:term":[{"taxonomy":"product_brand","embeddable":true,"href":"https:\/\/www.orientpharma.vn\/en\/wp-json\/wp\/v2\/product_brand?post=987513818"},{"taxonomy":"product_cat","embeddable":true,"href":"https:\/\/www.orientpharma.vn\/en\/wp-json\/wp\/v2\/product_cat?post=987513818"},{"taxonomy":"product_tag","embeddable":true,"href":"https:\/\/www.orientpharma.vn\/en\/wp-json\/wp\/v2\/product_tag?post=987513818"}],"curies":[{"name":"wp","href":"https:\/\/api.w.org\/{rel}","templated":true}]}}