{"id":987513817,"date":"2024-09-14T07:30:01","date_gmt":"2024-09-14T00:30:01","guid":{"rendered":"https:\/\/www.orientpharma.vn\/?post_type=product&#038;p=987513817"},"modified":"2025-08-05T23:36:31","modified_gmt":"2025-08-05T16:36:31","slug":"novahexin-4mg","status":"publish","type":"product","link":"https:\/\/www.orientpharma.vn\/en\/product\/novahexin-4mg\/","title":{"rendered":"Novahexin 4mg"},"content":{"rendered":"","protected":false},"excerpt":{"rendered":"<p><strong>D\u1ea1ng b\u00e0o ch\u1ebf:<\/strong> Dung d\u1ecbch u\u1ed1ng<br \/>\n<strong>Quy c\u00e1ch:<\/strong> H\u1ed9p 30 \u1ed0ng x 5ml<br \/>\n<strong>Th\u00e0nh ph\u1ea7n:<\/strong> Bromhexin hydroclorid<br \/>\n<strong>Ch\u1ec9 \u0111\u1ecbnh:<\/strong> Ho, Ho khan<br \/>\n<strong>Ch\u1ed1ng ch\u1ec9 \u0111\u1ecbnh:<\/strong> Suy nh\u01b0\u1ee3c<br \/>\n<strong>Nh\u00e0 s\u1ea3n xu\u1ea5t:<\/strong> C\u00d4NG TY CP D\u01af\u1ee2C PH\u1ea8M PH\u01af\u01a0NG \u0110\u00d4NG<br \/>\n<strong>N\u01b0\u1edbc s\u1ea3n xu\u1ea5t:<\/strong> Vi\u1ec7t Nam<br \/>\n<strong>Xu\u1ea5t x\u1ee9 th\u01b0\u01a1ng hi\u1ec7u:<\/strong> Vi\u1ec7t Nam<br \/>\n<strong>S\u1ed1 \u0111\u0103ng k\u00fd:<\/strong> VD-19931-13<br \/>\n<strong>Thu\u1ed1c c\u1ea7n k\u00ea toa:<\/strong>\u00a0Kh\u00f4ng<\/p>\n<p><strong>M\u00f4 t\u1ea3 ng\u1eafn<\/strong><\/p>\n<p>Thu\u1ed1c Novahexin 5ml \u0111\u01b0\u1ee3c s\u1ea3n xu\u1ea5t b\u1edfi C\u00f4ng ty C\u1ed5 ph\u1ea7n D\u01b0\u1ee3c ph\u1ea9m Ph\u01b0\u01a1ng \u0110\u00f4ng, c\u00f3 th\u00e0nh ph\u1ea7n ch\u00ednh l\u00e0 bromhexine hydroclorid 4mg. Thu\u1ed1c Novahexin \u0111\u01b0\u1ee3c ch\u1ec9 \u0111\u1ecbnh trong \u0111i\u1ec1u tr\u1ecb r\u1ed1i lo\u1ea1n ti\u1ebft d\u1ecbch ph\u1ebf qu\u1ea3n, nh\u1ea5t l\u00e0 trong vi\u00eam ph\u1ebf qu\u1ea3n c\u1ea5p t\u00ednh, \u0111\u1ee3t c\u1ea5p t\u00ednh c\u1ee7a vi\u00eam ph\u1ebf qu\u1ea3n m\u1ea1n t\u00ednh. Bromhexin th\u01b0\u1eddng \u0111\u01b0\u1ee3c d\u00f9ng nh\u01b0 1 ch\u1ea5t b\u1ed5 tr\u1ee3 v\u1edbi kh\u00e1ng sinh, khi b\u1ecb nhi\u1ec5m khu\u1ea9n n\u1eb7ng \u0111\u01b0\u1eddng h\u00f4 h\u1ea5p.<\/p>\n<p>Thu\u1ed1c Novahexin 5ml \u0111\u01b0\u1ee3c b\u00e0o ch\u1ebf d\u01b0\u1edbi d\u1ea1ng dung d\u1ecbch u\u1ed1ng, \u1ed1ng 5 ml, bao g\u1ed3m: H\u1ed9p 10 \u1ed1ng, 20 \u1ed1ng, 30 \u1ed1ng, 50 \u1ed1ng.<\/p>\n","protected":false},"featured_media":987513028,"comment_status":"closed","ping_status":"closed","template":"","meta":{"_acf_changed":false,"_et_pb_use_builder":"","_et_pb_old_content":"","_et_gb_content_width":""},"product_brand":[],"product_cat":[],"product_tag":[],"class_list":{"0":"post-987513817","1":"product","2":"type-product","3":"status-publish","4":"has-post-thumbnail","7":"first","8":"instock","9":"shipping-taxable","10":"product-type-simple"},"acf":[],"_links":{"self":[{"href":"https:\/\/www.orientpharma.vn\/en\/wp-json\/wp\/v2\/product\/987513817","targetHints":{"allow":["GET"]}}],"collection":[{"href":"https:\/\/www.orientpharma.vn\/en\/wp-json\/wp\/v2\/product"}],"about":[{"href":"https:\/\/www.orientpharma.vn\/en\/wp-json\/wp\/v2\/types\/product"}],"replies":[{"embeddable":true,"href":"https:\/\/www.orientpharma.vn\/en\/wp-json\/wp\/v2\/comments?post=987513817"}],"wp:featuredmedia":[{"embeddable":true,"href":"https:\/\/www.orientpharma.vn\/en\/wp-json\/wp\/v2\/media\/987513028"}],"wp:attachment":[{"href":"https:\/\/www.orientpharma.vn\/en\/wp-json\/wp\/v2\/media?parent=987513817"}],"wp:term":[{"taxonomy":"product_brand","embeddable":true,"href":"https:\/\/www.orientpharma.vn\/en\/wp-json\/wp\/v2\/product_brand?post=987513817"},{"taxonomy":"product_cat","embeddable":true,"href":"https:\/\/www.orientpharma.vn\/en\/wp-json\/wp\/v2\/product_cat?post=987513817"},{"taxonomy":"product_tag","embeddable":true,"href":"https:\/\/www.orientpharma.vn\/en\/wp-json\/wp\/v2\/product_tag?post=987513817"}],"curies":[{"name":"wp","href":"https:\/\/api.w.org\/{rel}","templated":true}]}}