{"id":987513815,"date":"2024-09-14T08:06:37","date_gmt":"2024-09-14T01:06:37","guid":{"rendered":"https:\/\/www.orientpharma.vn\/?post_type=product&#038;p=987513815"},"modified":"2025-08-06T15:58:48","modified_gmt":"2025-08-06T08:58:48","slug":"batigan-300mg","status":"publish","type":"product","link":"https:\/\/www.orientpharma.vn\/en\/product\/batigan-300mg\/","title":{"rendered":"Batigan 300mg"},"content":{"rendered":"","protected":false},"excerpt":{"rendered":"<p><strong>D\u1ea1ng b\u00e0o ch\u1ebf:<\/strong> Vi\u00ean n\u00e9n bao phim<br \/>\n<strong>Quy c\u00e1ch:<\/strong> H\u1ed9p 3 v\u1ec9 x 10 vi\u00ean<br \/>\n<strong>Th\u00e0nh ph\u1ea7n:<\/strong> Tenofovir disoproxil fumarat<br \/>\n<strong>Ch\u1ec9 \u0111\u1ecbnh:<\/strong>HIV\/AIDS, Vi\u00eam gan B<br \/>\n<strong>Ch\u1ed1ng ch\u1ec9 \u0111\u1ecbnh:<\/strong> D\u1ecb \u1ee9ng thu\u1ed1c<br \/>\n<strong>Nh\u00e0 s\u1ea3n xu\u1ea5t:<\/strong> C\u00d4NG TY CP D\u01af\u1ee2C PH\u1ea8M PH\u01af\u01a0NG \u0110\u00d4NG<br \/>\n<strong>N\u01b0\u1edbc s\u1ea3n xu\u1ea5t:<\/strong> Vi\u1ec7t Nam<br \/>\n<strong>Xu\u1ea5t x\u1ee9 th\u01b0\u01a1ng hi\u1ec7u:<\/strong> Vi\u1ec7t Nam<br \/>\n<strong>S\u1ed1 \u0111\u0103ng k\u00fd:<\/strong> VD-17513-12<br \/>\n<strong>Thu\u1ed1c c\u1ea7n k\u00ea toa:<\/strong>\u00a0C\u00f3<\/p>\n<p><strong>M\u00f4 t\u1ea3 ng\u1eafn<\/strong><\/p>\n<p>Batigan c\u1ee7a C\u00f4ng ty C\u1ed5 ph\u1ea7n D\u01b0\u1ee3c ph\u1ea9m Ph\u01b0\u01a1ng \u0110\u00f4ng. Thu\u1ed1c c\u00f3 th\u00e0nh ph\u1ea7n ch\u00ednh Tenofovir disoproxil fumarat. \u0110\u00e2y l\u00e0 thu\u1ed1c d\u00f9ng \u0111\u1ec3 \u0111i\u1ec1u tr\u1ecb b\u1ec7nh HIV v\u00e0 b\u1ec7nh\u00a0vi\u00eam gan B\u00a0m\u00e3n t\u00ednh v\u1edbi b\u1ec7nh gan c\u00f2n b\u00f9 tr\u1eeb, c\u00f3 b\u1eb1ng ch\u1ee9ng v\u1ec1 ho\u1ea1t \u0111\u1ed9ng sao ch\u00e9p c\u1ee7a virus.<\/p>\n<p><strong>L\u01b0u \u00fd:<\/strong> S\u1ea3n ph\u1ea9m n\u00e0y ch\u1ec9 b\u00e1n khi c\u00f3 ch\u1ec9 \u0111\u1ecbnh c\u1ee7a b\u00e1c s\u0129, m\u1ecdi th\u00f4ng tin tr\u00ean Website ch\u1ec9 mang t\u00ednh ch\u1ea5t tham kh\u1ea3o.<\/p>\n","protected":false},"featured_media":987513039,"comment_status":"closed","ping_status":"closed","template":"","meta":{"_acf_changed":false,"_et_pb_use_builder":"","_et_pb_old_content":"","_et_gb_content_width":""},"product_brand":[],"product_cat":[76,75],"product_tag":[94],"class_list":{"0":"post-987513815","1":"product","2":"type-product","3":"status-publish","4":"has-post-thumbnail","6":"product_cat-antidepressants","7":"product_cat-antiviral-medications","8":"product_tag-eng","10":"first","11":"instock","12":"shipping-taxable","13":"product-type-simple"},"acf":[],"_links":{"self":[{"href":"https:\/\/www.orientpharma.vn\/en\/wp-json\/wp\/v2\/product\/987513815","targetHints":{"allow":["GET"]}}],"collection":[{"href":"https:\/\/www.orientpharma.vn\/en\/wp-json\/wp\/v2\/product"}],"about":[{"href":"https:\/\/www.orientpharma.vn\/en\/wp-json\/wp\/v2\/types\/product"}],"replies":[{"embeddable":true,"href":"https:\/\/www.orientpharma.vn\/en\/wp-json\/wp\/v2\/comments?post=987513815"}],"wp:featuredmedia":[{"embeddable":true,"href":"https:\/\/www.orientpharma.vn\/en\/wp-json\/wp\/v2\/media\/987513039"}],"wp:attachment":[{"href":"https:\/\/www.orientpharma.vn\/en\/wp-json\/wp\/v2\/media?parent=987513815"}],"wp:term":[{"taxonomy":"product_brand","embeddable":true,"href":"https:\/\/www.orientpharma.vn\/en\/wp-json\/wp\/v2\/product_brand?post=987513815"},{"taxonomy":"product_cat","embeddable":true,"href":"https:\/\/www.orientpharma.vn\/en\/wp-json\/wp\/v2\/product_cat?post=987513815"},{"taxonomy":"product_tag","embeddable":true,"href":"https:\/\/www.orientpharma.vn\/en\/wp-json\/wp\/v2\/product_tag?post=987513815"}],"curies":[{"name":"wp","href":"https:\/\/api.w.org\/{rel}","templated":true}]}}