{"id":987513814,"date":"2024-09-16T13:56:38","date_gmt":"2024-09-16T06:56:38","guid":{"rendered":"https:\/\/www.orientpharma.vn\/?post_type=product&#038;p=987513814"},"modified":"2025-08-06T12:48:41","modified_gmt":"2025-08-06T05:48:41","slug":"omcetti-300mg","status":"publish","type":"product","link":"https:\/\/www.orientpharma.vn\/en\/product\/omcetti-300mg\/","title":{"rendered":"Omcetti 300mg"},"content":{"rendered":"","protected":false},"excerpt":{"rendered":"<p><strong>D\u1ea1ng b\u00e0o ch\u1ebf:<\/strong> Vi\u00ean nang c\u1ee9ng<br \/>\n<strong>Quy c\u00e1ch:<\/strong> H\u1ed9p 1 V\u1ec9 x 10 Vi\u00ean<br \/>\n<strong>Th\u00e0nh ph\u1ea7n:<\/strong> Cefdinir<br \/>\n<strong>Ch\u1ec9 \u0111\u1ecbnh: <\/strong>Vi\u00eam amidan, Vi\u00eam tai gi\u1eefa, Vi\u00eam xoang, Nhi\u1ec5m tr\u00f9ng ti\u1ebft ni\u1ec7u, Nhi\u1ec5m tr\u00f9ng \u0111\u01b0\u1eddng sinh d\u1ee5c, Nhi\u1ec5m tr\u00f9ng da v\u00e0 m\u00f4 m\u1ec1m<br \/>\n<strong>Ch\u1ed1ng ch\u1ec9 \u0111\u1ecbnh:<\/strong> D\u1ecb \u1ee9ng thu\u1ed1c<br \/>\n<strong>Nh\u00e0 s\u1ea3n xu\u1ea5t:<\/strong> C\u00d4NG TY CP D\u01af\u1ee2C PH\u1ea8M PH\u01af\u01a0NG \u0110\u00d4NG<br \/>\n<strong>N\u01b0\u1edbc s\u1ea3n xu\u1ea5t:<\/strong> Vi\u1ec7t Nam<br \/>\n<strong>Xu\u1ea5t x\u1ee9 th\u01b0\u01a1ng hi\u1ec7u:<\/strong> Vi\u1ec7t Nam<br \/>\n<strong>S\u1ed1 \u0111\u0103ng k\u00fd:<\/strong> VD-24840-16<br \/>\n<strong>Thu\u1ed1c c\u1ea7n k\u00ea toa:<\/strong>\u00a0C\u00f3<\/p>\n<p><strong>M\u00f4 t\u1ea3 ng\u1eafn<\/strong><\/p>\n<p>Thu\u1ed1c Omcetti 300 mg l\u00e0 vi\u00ean nang ch\u1ee9a d\u01b0\u1ee3c ch\u1ea5t Cefdinir d\u00f9ng trong vi\u00eam ph\u1ed5i m\u1eafc ph\u1ea3i c\u1ed9ng \u0111\u1ed3ng, nh\u1eefng \u0111\u1ee3t c\u1ea5p trong vi\u00eam ph\u1ebf qu\u1ea3n m\u1ea1n, vi\u00eam xoang c\u1ea5p, vi\u00eam tai gi\u1eefa, vi\u00eam h\u1ecdng, vi\u00eam amidan, nhi\u1ec5m khu\u1ea9n da v\u00e0 m\u00f4 m\u1ec1m.<\/p>\n<p><strong>\u0110\u1ed1i t\u01b0\u1ee3ng s\u1eed d\u1ee5ng:\u00a0<\/strong>Ng\u01b0\u1eddi cao tu\u1ed5i, Tr\u1ebb em<\/p>\n<p><strong>L\u01b0u \u00fd:<\/strong> S\u1ea3n ph\u1ea9m n\u00e0y ch\u1ec9 b\u00e1n khi c\u00f3 ch\u1ec9 \u0111\u1ecbnh c\u1ee7a b\u00e1c s\u0129, m\u1ecdi th\u00f4ng tin tr\u00ean Website ch\u1ec9 mang t\u00ednh ch\u1ea5t tham kh\u1ea3o.<\/p>\n","protected":false},"featured_media":987513047,"comment_status":"closed","ping_status":"closed","template":"","meta":{"_acf_changed":false,"_et_pb_use_builder":"","_et_pb_old_content":"","_et_gb_content_width":""},"product_brand":[],"product_cat":[71],"product_tag":[94],"class_list":{"0":"post-987513814","1":"product","2":"type-product","3":"status-publish","4":"has-post-thumbnail","6":"product_cat-antibiotics","7":"product_tag-eng","9":"first","10":"instock","11":"shipping-taxable","12":"product-type-simple"},"acf":[],"_links":{"self":[{"href":"https:\/\/www.orientpharma.vn\/en\/wp-json\/wp\/v2\/product\/987513814","targetHints":{"allow":["GET"]}}],"collection":[{"href":"https:\/\/www.orientpharma.vn\/en\/wp-json\/wp\/v2\/product"}],"about":[{"href":"https:\/\/www.orientpharma.vn\/en\/wp-json\/wp\/v2\/types\/product"}],"replies":[{"embeddable":true,"href":"https:\/\/www.orientpharma.vn\/en\/wp-json\/wp\/v2\/comments?post=987513814"}],"wp:featuredmedia":[{"embeddable":true,"href":"https:\/\/www.orientpharma.vn\/en\/wp-json\/wp\/v2\/media\/987513047"}],"wp:attachment":[{"href":"https:\/\/www.orientpharma.vn\/en\/wp-json\/wp\/v2\/media?parent=987513814"}],"wp:term":[{"taxonomy":"product_brand","embeddable":true,"href":"https:\/\/www.orientpharma.vn\/en\/wp-json\/wp\/v2\/product_brand?post=987513814"},{"taxonomy":"product_cat","embeddable":true,"href":"https:\/\/www.orientpharma.vn\/en\/wp-json\/wp\/v2\/product_cat?post=987513814"},{"taxonomy":"product_tag","embeddable":true,"href":"https:\/\/www.orientpharma.vn\/en\/wp-json\/wp\/v2\/product_tag?post=987513814"}],"curies":[{"name":"wp","href":"https:\/\/api.w.org\/{rel}","templated":true}]}}